{"id":37,"date":"2017-05-24T12:46:06","date_gmt":"2017-05-24T10:46:06","guid":{"rendered":"https:\/\/cameroon.dyntra.org\/member-password-lost\/"},"modified":"2023-05-10T20:24:48","modified_gmt":"2023-05-10T18:24:48","slug":"password-lost","status":"publish","type":"page","link":"https:\/\/cameroon.dyntra.org\/fr\/password-lost\/","title":{"rendered":"R\u00e9initialisez Votre Mot De Passe?"},"content":{"rendered":"<div id=\"password-lost-form\">\n        \n\t  \n    <form name=\"dyntraLostPass\" id=\"dyntraLostPass\" method=\"post\" action=\"https:\/\/cameroon.dyntra.org\/wp-login.php?action=lostpassword\">\n        <div class=\"vc_row wpb_row vc_row-fluid\">\n            <div class=\"wpb_column vc_column_container vc_col-sm-6 al_center\">\n                <div class=\"vc_column-inner\">\n                    <div class=\"wpb_wrapper alert alert-info\">\n\t\t\t\t\t\tSaisissez l'adresse \u00e9lectronique que vous avez utilis\u00e9e lors de votre inscription et nous vous enverrons un courriel contenant un lien pour r\u00e9initialiser votre mot de passe.                        <div class=\"flex\">\n                            <i class=\"fa fa-user\" aria-hidden=\"true\"><\/i> <label for=\"user_login\"> Email : \n                            <input type=\"text\" name=\"user_login\" id=\"user_login\">\n                        <\/div>    \n                        <div class=\"flex\">\n                            <input type=\"submit\" name=\"submit\" class=\"lostpassword-button\" value=\"R\u00e9initialiser le mot de passe\"\/>\n                        <\/div>\n               \t\t<\/div>\n            \t<\/div>\n          \t<\/div>\n        <\/div>\n\t<\/form>\n<\/div>","protected":false},"excerpt":{"rendered":"","protected":false},"author":9,"featured_media":0,"parent":0,"menu_order":0,"comment_status":"closed","ping_status":"closed","template":"","meta":{"footnotes":""},"_links":{"self":[{"href":"https:\/\/cameroon.dyntra.org\/fr\/wp-json\/wp\/v2\/pages\/37"}],"collection":[{"href":"https:\/\/cameroon.dyntra.org\/fr\/wp-json\/wp\/v2\/pages"}],"about":[{"href":"https:\/\/cameroon.dyntra.org\/fr\/wp-json\/wp\/v2\/types\/page"}],"author":[{"embeddable":true,"href":"https:\/\/cameroon.dyntra.org\/fr\/wp-json\/wp\/v2\/users\/9"}],"replies":[{"embeddable":true,"href":"https:\/\/cameroon.dyntra.org\/fr\/wp-json\/wp\/v2\/comments?post=37"}],"version-history":[{"count":4,"href":"https:\/\/cameroon.dyntra.org\/fr\/wp-json\/wp\/v2\/pages\/37\/revisions"}],"predecessor-version":[{"id":33096,"href":"https:\/\/cameroon.dyntra.org\/fr\/wp-json\/wp\/v2\/pages\/37\/revisions\/33096"}],"wp:attachment":[{"href":"https:\/\/cameroon.dyntra.org\/fr\/wp-json\/wp\/v2\/media?parent=37"}],"curies":[{"name":"wp","href":"https:\/\/api.w.org\/{rel}","templated":true}]}}